{"id":1610,"date":"2018-04-18T18:03:20","date_gmt":"2018-04-18T16:03:20","guid":{"rendered":"http:\/\/www.wuelmersencon.de\/?page_id=1610"},"modified":"2018-06-02T14:21:00","modified_gmt":"2018-06-02T12:21:00","slug":"das-goetterpantheon-im-universum-von-wuelmersen","status":"publish","type":"page","link":"http:\/\/www.wuelmersencon.de\/?page_id=1610","title":{"rendered":"Das G\u00f6tterpantheon im Universum von W\u00fclmersen"},"content":{"rendered":"<p>W\u00fclmersen hat sieben\u00a0 Hauptg\u00f6tter (eigentlich acht, wenn man Phaesos und Rho einzeln nimmt). \u00dcber allen als m\u00e4chtigste, h\u00f6chste aller G\u00f6tter steht die W\u00fclma. Daneben gibt es einige Halbg\u00f6tter, entsprungen aus Vereinigungen von G\u00f6ttern und Menschen. Die G\u00f6tter decken verschiedene Aspekte des Lebens in W\u00fclmersen ab und haben dementsprechend F\u00e4higkeiten und Kr\u00e4fte. Die W\u00fclma ist die h\u00f6chste G\u00f6ttin im Pantheon Sie ist Seele und Inkarnation des Landes W\u00fclmersen. Ihr unterstehen alle anderen G\u00f6tter. Ihre prim\u00e4ren Aspekte sind das Leben und das Land. Sie vereinigt aber alle Aspekte der anderen G\u00f6tter ebenfalls in sich.<\/p>\n<h2>Die Legende von der W\u00fclma<\/h2>\n<p>\u201e&#8230; und dies St\u00fcckchen Land w\u00e4hle ich als meines.\u201c sprach W\u00fclma, und da es den anderen G\u00f6ttern als zu gering erschien, erhoben sie keinen Einwand. Aber die G\u00f6ttin hatte erkannt, was die anderen in ihrem Hang zum \u201aGro\u00dfen\u2019 nicht sahen: N\u00e4mlich die Wunder und Sch\u00f6nheiten die dieses Land barg.<\/p>\n<p>Eine gro\u00dfe St\u00e4rke schlummerte hier in der Erde, die die Macht hatte, Wesen verschiedenster Arten und L\u00e4nder zu einem Volk zu machen. Und W\u00fclma hegte dieses Land, k\u00fcmmerte sich um alles was dort lebte und wuchs und hielt freundlich ihre Hand \u00fcber die, die hier eine Heimat suchten.<\/p>\n<p>W\u00fclmas Heim wurde diese Gegend einst genannt und \u00fcber viele Generationen wurde der heute bekannte Name \u201aW\u00fclmersen\u2019 daraus.<\/p>\n<p>Lange Zeit wanderte W\u00fclma allein durch die fruchtbaren Felder, entlang des Flusses und der Berge. Doch es kam ein Fr\u00fchling, als die Wasser \u00fcber die Ufer traten und das Meer sich br\u00fcllend auf das Land st\u00fcrzte. St\u00fcrme fegten alles Leben davon und zwangen alles, was lebte zu Boden, wo es in den Wassern ertrank. W\u00fclma war erschrocken \u00fcber diese Gewalt und war in Angst und Sorge um ihr Land und alle die darin wohnten.<\/p>\n<p>Da nahm die G\u00f6ttin all ihre Kraft zusammen, und befahl dem Wind und den Wassern, sich zur\u00fcckzuziehen in ihre angestammten Bahnen. Und siehe da, der \u00dcberbringer ihrer Worte war ein Gott. Ein neuer Gott, der dem Wasser und dem Wind befehlen konnte im Namen der W\u00fclma. Er gab sich den Namen Nuphir und nahm seine Heimstatt im Mare W\u00fclmaticum an der M\u00fcndung der W\u00fclm.<\/p>\n<p>Und so wie Nuphir aus der Kraft er W\u00fclma entstand, so entstanden in dem folgenden Zeitaltern die anderen G\u00f6tter aus ihr, jede und jeder ein Teil von ihr und doch auch ein eigenes Ganzes.<\/p>\n<p>&nbsp;<\/p>\n<p><a href=\"http:\/\/www.wuelmersencon.de\/?page_id=1626&amp;preview=true\">Nuphir &#8211; Gott des Wassers und der Meere<\/a><\/p>\n<p><a href=\"http:\/\/www.wuelmersencon.de\/?page_id=1635&amp;preview=true\">Phaesos und Rho &#8211; Gott des Todes und Gott des Schlafes<\/a><\/p>\n<p><a href=\"http:\/\/www.wuelmersencon.de\/?page_id=1685&amp;preview=true\">Kauthar &#8211; Gott des Feuers<\/a><\/p>\n<p><a href=\"http:\/\/www.wuelmersencon.de\/?page_id=1682\">Seleade &#8211; G\u00f6ttin der Weisheit und der Heilung<\/a><\/p>\n<p><a href=\"http:\/\/www.wuelmersencon.de\/?page_id=1644&amp;preview=true\">Sanguina &#8211; G\u00f6ttin des Wettstreites und des Kampfes<\/a><\/p>\n<p><a href=\"http:\/\/www.wuelmersencon.de\/?page_id=1678\">Amena &#8211; G\u00f6ttin der Anmut und der Kunst<\/a><\/p>\n<p><a href=\"http:\/\/www.wuelmersencon.de\/?page_id=1631&amp;preview=true\">Deplian &#8211; Gott des Handels und des Spiels<\/a><\/p>\n<p>&nbsp;<\/p>\n<p>&nbsp;<\/p>\n","protected":false},"excerpt":{"rendered":"<p>W\u00fclmersen hat sieben\u00a0 Hauptg\u00f6tter (eigentlich acht, wenn man Phaesos und Rho einzeln nimmt). \u00dcber allen als m\u00e4chtigste, h\u00f6chste aller G\u00f6tter steht die W\u00fclma. Daneben gibt es einige Halbg\u00f6tter, entsprungen aus Vereinigungen von G\u00f6ttern und Menschen. Die G\u00f6tter decken verschiedene Aspekte &hellip; <a href=\"http:\/\/www.wuelmersencon.de\/?page_id=1610\">Weiterlesen <span class=\"meta-nav\">&rarr;<\/span><\/a><\/p>\n","protected":false},"author":2,"featured_media":0,"parent":46,"menu_order":0,"comment_status":"closed","ping_status":"closed","template":"","meta":{"ngg_post_thumbnail":0},"_links":{"self":[{"href":"http:\/\/www.wuelmersencon.de\/index.php?rest_route=\/wp\/v2\/pages\/1610"}],"collection":[{"href":"http:\/\/www.wuelmersencon.de\/index.php?rest_route=\/wp\/v2\/pages"}],"about":[{"href":"http:\/\/www.wuelmersencon.de\/index.php?rest_route=\/wp\/v2\/types\/page"}],"author":[{"embeddable":true,"href":"http:\/\/www.wuelmersencon.de\/index.php?rest_route=\/wp\/v2\/users\/2"}],"replies":[{"embeddable":true,"href":"http:\/\/www.wuelmersencon.de\/index.php?rest_route=%2Fwp%2Fv2%2Fcomments&post=1610"}],"version-history":[{"count":17,"href":"http:\/\/www.wuelmersencon.de\/index.php?rest_route=\/wp\/v2\/pages\/1610\/revisions"}],"predecessor-version":[{"id":1690,"href":"http:\/\/www.wuelmersencon.de\/index.php?rest_route=\/wp\/v2\/pages\/1610\/revisions\/1690"}],"up":[{"embeddable":true,"href":"http:\/\/www.wuelmersencon.de\/index.php?rest_route=\/wp\/v2\/pages\/46"}],"wp:attachment":[{"href":"http:\/\/www.wuelmersencon.de\/index.php?rest_route=%2Fwp%2Fv2%2Fmedia&parent=1610"}],"curies":[{"name":"wp","href":"https:\/\/api.w.org\/{rel}","templated":true}]}}