{"id":1631,"date":"2018-06-02T14:17:58","date_gmt":"2018-06-02T12:17:58","guid":{"rendered":"http:\/\/www.wuelmersencon.de\/?page_id=1631"},"modified":"2018-06-02T14:17:58","modified_gmt":"2018-06-02T12:17:58","slug":"deplian-gott-des-handels-und-des-spiels","status":"publish","type":"page","link":"http:\/\/www.wuelmersencon.de\/?page_id=1631","title":{"rendered":"Deplian &#8211; Gott des Handels und des Spiels"},"content":{"rendered":"<table>\n<tbody>\n<tr>\n<td width=\"115\">\n<h6>Aspekte<\/h6>\n<\/td>\n<td width=\"499\">Handel, Spiel, Diebeskunst, Herbst<\/td>\n<\/tr>\n<tr>\n<td width=\"115\"><strong>Farbe<\/strong><\/td>\n<td width=\"499\">T\u00fcrkisblau<\/td>\n<\/tr>\n<tr>\n<td width=\"115\"><strong>Eigenschaften<\/strong><\/td>\n<td width=\"499\">Fingerfertigkeit, Rechnen, Strategie<\/td>\n<\/tr>\n<\/tbody>\n<\/table>\n<h3>Herkunft<\/h3>\n<p>W\u00fclmersen wurde zu einem aufstrebenden Land und die Menschen begannen mehr und mehr Handel mit den umliegenden Reichen zu treiben. Die Wissenschaft der Mathematik erbl\u00fchte zur Gr\u00f6\u00dfe und wurde Grundlage f\u00fcr erfolgreiche Handelsbeziehungen zu Ennem, Zhankreich und Spaniensen. W\u00fclma freute sich \u00fcber diese neue Aufgabe und befasste sich mit Begeisterung damit. Aber keiner der anderen G\u00f6tter interessierte sich so recht daf\u00fcr. Sie waren immer noch damit besch\u00e4ftigt ihre eigenen Bereiche aufzubauen. So erschuf sie aus sich selbst einen neuen Gott, der sich dem Handel und dem Spiel mit Zahlen widmen sollte. Deplian erschien mit einem kleinen Handelsschiff an der K\u00fcste W\u00fclmersens und errichtete einen Hafen, dort wo er anlandete. Aber als erster Gott hatte er eigene Ansichten \u00fcber sein selbst. Er fand den Handel an sich zwar interessant, aber ohne das Salz schmeckt die Suppe nicht pflegt er zu sagen und hielt seine Hand auch \u00fcber diejenigen, die den Handel unterwanderten und mit anderen als ehrlichen Mitteln Geld zu erlangen suchten. So wurde er auch zum Gott der Gl\u00fccksspieler, der Diebe und der Schmuggler.<\/p>\n<h3>Glaube<\/h3>\n<p>Deplian hat keine offiziellen heiligen St\u00e4tten. In den meisten Handelskontoren und Handelsschiffen findet sich eine Deplian geweihte Nische, in der ein kleiner Turm M\u00fcnzen aufgestellt wird. Von den H\u00e4ndlern wird sie als Deplians Notreserve tituliert und von den Dieben und Beutelschneidern als Deplians Geschenk. Man sagt, in W\u00fclmersen gebe es eine heilige H\u00f6hle des Deplian, eine Grotte in der Kanalisation. Dort w\u00fcrden junge Taschenspieler und Diebe ausgebildet und es g\u00e4be eine umfangreiche mathematische Bibliothek dort. Bisher hat jedoch noch niemand offen dar\u00fcber berichtet, die H\u00f6hle entdeckt zu haben.<\/p>\n<h3>Pers\u00f6nlichkeit<\/h3>\n<p>Deplian ist ein sehr freundlicher Gott der keinem Handel abgeneigt ist. Er zeichnet sich durch mathematisches Geschick aus und ist f\u00fcr eine kleine Gegenleistung gern bereit, ein wenig seines Wissens und K\u00f6nnens preiszugeben. Er hilft gern dabei neue Handlesbeziehungen zu kn\u00fcpfen. Er neigt dazu, wenn seine Partner sich nicht auf ein Verhandlungsgespr\u00e4ch mit ihm einlassen, diese ohne mit der Wimper zu zucken \u00fcbers Ohr zu hauen und Wesen, die wenig geschickt versuchen ihn zu betr\u00fcgen vor allen anderen blo\u00dfzustellen.<\/p>\n","protected":false},"excerpt":{"rendered":"<p>Aspekte Handel, Spiel, Diebeskunst, Herbst Farbe T\u00fcrkisblau Eigenschaften Fingerfertigkeit, Rechnen, Strategie Herkunft W\u00fclmersen wurde zu einem aufstrebenden Land und die Menschen begannen mehr und mehr Handel mit den umliegenden Reichen zu treiben. Die Wissenschaft der Mathematik erbl\u00fchte zur Gr\u00f6\u00dfe und &hellip; <a href=\"http:\/\/www.wuelmersencon.de\/?page_id=1631\">Weiterlesen <span class=\"meta-nav\">&rarr;<\/span><\/a><\/p>\n","protected":false},"author":2,"featured_media":0,"parent":1610,"menu_order":0,"comment_status":"closed","ping_status":"closed","template":"","meta":{"ngg_post_thumbnail":0},"_links":{"self":[{"href":"http:\/\/www.wuelmersencon.de\/index.php?rest_route=\/wp\/v2\/pages\/1631"}],"collection":[{"href":"http:\/\/www.wuelmersencon.de\/index.php?rest_route=\/wp\/v2\/pages"}],"about":[{"href":"http:\/\/www.wuelmersencon.de\/index.php?rest_route=\/wp\/v2\/types\/page"}],"author":[{"embeddable":true,"href":"http:\/\/www.wuelmersencon.de\/index.php?rest_route=\/wp\/v2\/users\/2"}],"replies":[{"embeddable":true,"href":"http:\/\/www.wuelmersencon.de\/index.php?rest_route=%2Fwp%2Fv2%2Fcomments&post=1631"}],"version-history":[{"count":1,"href":"http:\/\/www.wuelmersencon.de\/index.php?rest_route=\/wp\/v2\/pages\/1631\/revisions"}],"predecessor-version":[{"id":1632,"href":"http:\/\/www.wuelmersencon.de\/index.php?rest_route=\/wp\/v2\/pages\/1631\/revisions\/1632"}],"up":[{"embeddable":true,"href":"http:\/\/www.wuelmersencon.de\/index.php?rest_route=\/wp\/v2\/pages\/1610"}],"wp:attachment":[{"href":"http:\/\/www.wuelmersencon.de\/index.php?rest_route=%2Fwp%2Fv2%2Fmedia&parent=1631"}],"curies":[{"name":"wp","href":"https:\/\/api.w.org\/{rel}","templated":true}]}}