{"id":1635,"date":"2018-06-02T14:19:44","date_gmt":"2018-06-02T12:19:44","guid":{"rendered":"http:\/\/www.wuelmersencon.de\/?page_id=1635"},"modified":"2018-06-02T14:19:44","modified_gmt":"2018-06-02T12:19:44","slug":"phaesos-und-rho-gott-des-todes-und-gott-des-schlafes","status":"publish","type":"page","link":"http:\/\/www.wuelmersencon.de\/?page_id=1635","title":{"rendered":"Phaesos und Rho &#8211; Gott des Todes und Gott des Schlafes"},"content":{"rendered":"<table>\n<tbody>\n<tr>\n<td width=\"115\">\n<h6>Aspekte<\/h6>\n<\/td>\n<td width=\"499\">Tod, Schlaf, Traum, Winter, Mitternacht und Mittag<\/td>\n<\/tr>\n<tr>\n<td width=\"115\"><strong>Farbe<\/strong><\/td>\n<td width=\"499\">Wei\u00df<\/td>\n<\/tr>\n<tr>\n<td width=\"115\"><strong>Eigenschaften<\/strong><\/td>\n<td width=\"499\">\u00a0Ruhe, Pflichtbewusstsein, Mitgef\u00fchl, Neugier, Geheimnis<\/td>\n<\/tr>\n<\/tbody>\n<\/table>\n<h3>Herkunft<\/h3>\n<p>Je l\u00e4nger W\u00fclma mit den Wesen in ihrem Land lebte, desto mehr fiel ihr auf, dass es Zeiten gab, in denen sie ihren Befohlenen n\u00e4her sein konnte und wollte, als in anderen. Denn wenn die Einwohner ihres Landes starben, so nahm W\u00fclma sie selbst bei der Hand, f\u00fchrte sie auf eine neuen Weg der wieder mit ihrer Geburt beginnen sollte. Und wenn die Einwohner schliefen begab sich W\u00fclma oft in ihre Tr\u00e4ume, um ihnen \u00c4ngste zu nehmen oder auch zu geben, um Erkenntnis wachsen zu lassen und Trost zu spenden.<\/p>\n<p>Diese Zeiten nahmen sie mehr und mehr in Anspruch, je mehr Lebewesen sich in W\u00fclmas Heim tummelten. So nahm W\u00fclma abermals ihre ganzen Kraft zusammen und lie\u00df sie Gestalt werden. Und siehe da, aus ihren Tr\u00e4umen trat Rho heraus, der W\u00e4chter \u00fcber den Schlaf und aus ihrem Wachen erschien Phaesos, Geleit der Verstorbenen.<\/p>\n<p>Rho nahm seinen Wohnsitz in den Tr\u00e4umen der Wesen und kann \u00fcberall und nirgends ihren Gedanken lauschen und sie durch die Labyrinthe der Erinnerung f\u00fchren. Phaesos aber nahm seinen Wohnsitz an den hellsten Orten des Lichtes, im Strahlen der Sonne am Mittag und im wei\u00dfen Gl\u00fchen des Feuers, denn er reicht seine Hand, wenn der Zenit \u00fcberschritten wurde und leuchtet ihnen den Weg durch die Dunkelheit zu einem neuen Morgen und einem neuen Sein.<\/p>\n<h3>Glaube<\/h3>\n<p>Phaesos ist der Schutzpatron der Reisenden und aller Wesen, die einen Neuanfang wagen, da er als F\u00fchrer von einem Leben in ein n\u00e4chstes bekannt ist. Er wird immer dann angerufen, wenn ein Wesen an der Schwelle des Todes steht oder von den Trauernden, wenn jemand diese Schwelle \u00fcberschritten hat. Man bittet ihn dann um ein sicheres Geleit auf dem Weg ins Unbekannte. Manche Leute \u00f6ffnen ihm auch nach der Geburt eines Kindes die T\u00fcr, damit er das Haus wieder verlassen kann, nachdem er seine Arbeit, die \u201eSeele\u201c eines Wesens in ein neues Leben zu bringen erf\u00fcllt hat. Niemand darf dann durch diese T\u00fcr gehen, bevor sie einmal kurz geschlossen worden ist, da man bef\u00fcrchtet, Phaesos k\u00f6nnte jemanden mit auf die Reise nehmen. Gelegentlich wird er auch von frisch verheirateten Paaren verehrt, die ihm um eine sichere Reise ihn ihre neue Zweisamkeit bitten. Sie treten am Tag nach der Hochzeit in die Mittagssonne und machen Hand in Hand einen kleinen Spaziergang um diese Reise zu symbolisieren.<\/p>\n<p>Rho ist der Schutzpatron der Seher und aller Wesen, die Ruhe suchen. Er wird allabendlich angerufen von Eltern, die Ihre Kinder zu Bett bringen (manchmal mehr oder weniger dringend \ud83d\ude09 und anderen Wesen, die verzweifelt Schlaf suchen. Er wird als Schlaf- und Traumbringer verehrt. Allerdings wird er auch gef\u00fcrchtet als Verschleierer und Irrlicht. Er wird von Reisenden angefleht, sie nicht in die Irre zu f\u00fchren und vor dem Zubettgehen gebeten, keine b\u00f6sen Tr\u00e4ume zu bringen. Insofern wird er weit mehr gebeten nicht zu schaden, als zu helfen. Erwacht jemand aus b\u00f6sen Tr\u00e4umen, so sagt man, Rho habe in der Nacht an seinem Bette gesessen und wird jemand krank an seinem Geiste, so sagt man, er sei in Rhos Labyrinth gefangen.<\/p>\n<h3>Pers\u00f6nlichkeit<\/h3>\n<p>Phaesos zeichnet sich durch gro\u00dfe Ruhe und Pflichtbewusstsein aus. Er hat viel Mitgef\u00fchl mit den Wesen des Landes und h\u00e4lt sich gern unerkannt in ihrer N\u00e4he auf. Er hilft den Wesen gern dabei aus verzweifelten Lagen eine neue Perspektive zu zeigen und ihnen m\u00f6gliche Wege aus ihrer Not zu offenbaren. Er mag seinen Bruder sehr und gibt viel auf dessen Rat, da dieser den Wesen des Landes in ihren Tr\u00e4umen viel n\u00e4her ist als er. Er neigt dazu sich von seinem Mitgef\u00fchl f\u00fcr ein Wesen leiten zu lassen und dabei das Schicksal von anderen aus den Augen zu verlieren die ebenfalls Hilfe ben\u00f6tigen. Er glaubt nicht, dass jemand anders seine Aufgaben so gewissenhaft und gut wahrnehmen kann wie er.<\/p>\n<p>Rho zeichnet eine gro\u00dfe Neugier und die Freude an Mysterien und Geheimnissen aus. Er liebt es andere Wesen auf Irrwegen zu h\u00f6herer Erkenntnis zu f\u00fchren und ihre Neugier auf alles zu unterst\u00fctzen. Dass er dadurch mit den Jahren eher zu einem gef\u00fcrchteten als zu einem geachteten Gott wurde gr\u00e4mt ihn. Besonders da sein Bruder den Wesen in W\u00fclmersen viel n\u00e4her ist obwohl er durch die Reisen in ihren Tr\u00e4umen so viel mehr \u00fcber deren Innerstes wei\u00df. Au\u00dferdem gibt ihm dieser wenig Nahrung f\u00fcr seine Neugier und l\u00e4sst ihn das Geheimnis des Todes und des neuen Lebens nicht ergr\u00fcnden. Zu gern w\u00fcrde er die Arbeit Phaesos machen, wenn er daf\u00fcr das Mysterium des Lebensweges erfahren k\u00f6nnte.<\/p>\n","protected":false},"excerpt":{"rendered":"<p>Aspekte Tod, Schlaf, Traum, Winter, Mitternacht und Mittag Farbe Wei\u00df Eigenschaften \u00a0Ruhe, Pflichtbewusstsein, Mitgef\u00fchl, Neugier, Geheimnis Herkunft Je l\u00e4nger W\u00fclma mit den Wesen in ihrem Land lebte, desto mehr fiel ihr auf, dass es Zeiten gab, in denen sie ihren &hellip; <a href=\"http:\/\/www.wuelmersencon.de\/?page_id=1635\">Weiterlesen <span class=\"meta-nav\">&rarr;<\/span><\/a><\/p>\n","protected":false},"author":2,"featured_media":0,"parent":1610,"menu_order":0,"comment_status":"closed","ping_status":"closed","template":"","meta":{"ngg_post_thumbnail":0},"_links":{"self":[{"href":"http:\/\/www.wuelmersencon.de\/index.php?rest_route=\/wp\/v2\/pages\/1635"}],"collection":[{"href":"http:\/\/www.wuelmersencon.de\/index.php?rest_route=\/wp\/v2\/pages"}],"about":[{"href":"http:\/\/www.wuelmersencon.de\/index.php?rest_route=\/wp\/v2\/types\/page"}],"author":[{"embeddable":true,"href":"http:\/\/www.wuelmersencon.de\/index.php?rest_route=\/wp\/v2\/users\/2"}],"replies":[{"embeddable":true,"href":"http:\/\/www.wuelmersencon.de\/index.php?rest_route=%2Fwp%2Fv2%2Fcomments&post=1635"}],"version-history":[{"count":1,"href":"http:\/\/www.wuelmersencon.de\/index.php?rest_route=\/wp\/v2\/pages\/1635\/revisions"}],"predecessor-version":[{"id":1636,"href":"http:\/\/www.wuelmersencon.de\/index.php?rest_route=\/wp\/v2\/pages\/1635\/revisions\/1636"}],"up":[{"embeddable":true,"href":"http:\/\/www.wuelmersencon.de\/index.php?rest_route=\/wp\/v2\/pages\/1610"}],"wp:attachment":[{"href":"http:\/\/www.wuelmersencon.de\/index.php?rest_route=%2Fwp%2Fv2%2Fmedia&parent=1635"}],"curies":[{"name":"wp","href":"https:\/\/api.w.org\/{rel}","templated":true}]}}