{"id":1644,"date":"2018-06-02T14:20:06","date_gmt":"2018-06-02T12:20:06","guid":{"rendered":"http:\/\/www.wuelmersencon.de\/?page_id=1644"},"modified":"2018-06-02T14:52:36","modified_gmt":"2018-06-02T12:52:36","slug":"sanguina-goettin-des-wettstreits-und-des-kampfes","status":"publish","type":"page","link":"http:\/\/www.wuelmersencon.de\/?page_id=1644","title":{"rendered":"Sanguina &#8211; G\u00f6ttin des Wettstreits und des Kampfes"},"content":{"rendered":"<table>\n<tbody>\n<tr>\n<td width=\"115\">\n<h5>Aspekte<\/h5>\n<\/td>\n<td width=\"499\">Wettstreit, Kampf, Krieg, Tag, Sommer<\/td>\n<\/tr>\n<tr>\n<td width=\"115\"><strong>Farbe<\/strong><\/td>\n<td width=\"499\">Rot<\/td>\n<\/tr>\n<tr>\n<td width=\"115\"><strong>Eigenschaften<\/strong><\/td>\n<td width=\"499\">Fairness, Ritterlichkeit, Tapferkeit<\/td>\n<\/tr>\n<\/tbody>\n<\/table>\n<h3>Herkunft<\/h3>\n<p>Als die Bev\u00f6lkerung von W\u00fclmersen und auch der umliegenden L\u00e4nder wuchs ergaben sich mehr und mehr Streitigkeiten wenn die einen oder anderen Wesen das Land ihrer Nachbarn beanspruchen wollten. Immer und immer wieder musste W\u00fclma den Wesen ihres Landes beistehen und ihnen Mut und Kraft geben, Heim und Hof zu verteidigen. \u00dcber die Unfairness und Verachtung mancher Angriffe und Kampfhandlungen geriet W\u00fclma so sehr in Rage, dass sie sich verga\u00df und gewillt war, ihre ganze Macht auf ein Schlachtfeld zu entladen und alle was sich dort befand dem Erdboden gleichzumachen. Im letzten Moment gelang es ihr, ihre Kraft zu kanalisieren und eine neue G\u00f6ttin entstehen zu lassen, Sanguina. Wie eine Mutter oder ein Vater sein Heim und seine Kinder bis zum letzten Blutstropfen verteidigen wird, so ist auch Sanguina gewillt, das Land W\u00fclmersen zu besch\u00fctzen. Von allen G\u00f6ttern ist Sanguina die Gewaltt\u00e4tigste aber auch die Ehrenvollste. Sie wird immer ritterlich und fair k\u00e4mpfen, aber das hei\u00dft nicht, dass der Gegner \u00fcberleben muss. Wenn die Regeln eines Kampfes auf &#8222;Kampf bis zum Tod&#8220; lauten, wird Sanguina sie einhalten.<\/p>\n<h3>Glaube<\/h3>\n<p>Verehrt wird sie von Kriegern und K\u00e4mpfern aller Arten, aber auch von werdenden Eltern. Ihre Tempel sind auch immer Kampfschulen. Ihre Priesterinnen und Priester sind wehrhaft.\u00a0 In einer Tempelschule der Sanguina wird niemand abgelehnt, der das Handwerk des Kampfes erlernen will. Jeder hat irgendeinen Vorzug, der ihn oder sie im Kampf einzigartig macht. Mut ist der erste Schritt, alles andere ist nur noch Ausbildung und Training.<\/p>\n<h3>Pers\u00f6nlichkeit<\/h3>\n<p>Sanguinas Charaktereigenschaften sind Fairness und Tapferkeit. Sie liebt es, Wesen zu unterst\u00fctzen \u00fcber ihre Grenzen hinauszuwachsen und F\u00e4higkeiten an sich zu entdecken, die sie nie vermutet h\u00e4tten. Sie kann Menschen antreiben und sie zusammenhalten. Dabei lehnt sie niemand wegen seiner Fehler ab, sondern hilft ihm seine Vorz\u00fcge zu entdecken.<\/p>\n<p>Sanguina neigt dazu, die Beherrschung zu verlieren und dann nicht nur ihren Feinden sondern auch ihren Freunden Schrecken einzufl\u00f6\u00dfen. Wenn es um ihr Handwerk geht ist sie gelegentlich starrsinnig.<\/p>\n","protected":false},"excerpt":{"rendered":"<p>Aspekte Wettstreit, Kampf, Krieg, Tag, Sommer Farbe Rot Eigenschaften Fairness, Ritterlichkeit, Tapferkeit Herkunft Als die Bev\u00f6lkerung von W\u00fclmersen und auch der umliegenden L\u00e4nder wuchs ergaben sich mehr und mehr Streitigkeiten wenn die einen oder anderen Wesen das Land ihrer Nachbarn &hellip; <a href=\"http:\/\/www.wuelmersencon.de\/?page_id=1644\">Weiterlesen <span class=\"meta-nav\">&rarr;<\/span><\/a><\/p>\n","protected":false},"author":2,"featured_media":0,"parent":1610,"menu_order":0,"comment_status":"closed","ping_status":"closed","template":"","meta":{"ngg_post_thumbnail":0},"_links":{"self":[{"href":"http:\/\/www.wuelmersencon.de\/index.php?rest_route=\/wp\/v2\/pages\/1644"}],"collection":[{"href":"http:\/\/www.wuelmersencon.de\/index.php?rest_route=\/wp\/v2\/pages"}],"about":[{"href":"http:\/\/www.wuelmersencon.de\/index.php?rest_route=\/wp\/v2\/types\/page"}],"author":[{"embeddable":true,"href":"http:\/\/www.wuelmersencon.de\/index.php?rest_route=\/wp\/v2\/users\/2"}],"replies":[{"embeddable":true,"href":"http:\/\/www.wuelmersencon.de\/index.php?rest_route=%2Fwp%2Fv2%2Fcomments&post=1644"}],"version-history":[{"count":2,"href":"http:\/\/www.wuelmersencon.de\/index.php?rest_route=\/wp\/v2\/pages\/1644\/revisions"}],"predecessor-version":[{"id":1701,"href":"http:\/\/www.wuelmersencon.de\/index.php?rest_route=\/wp\/v2\/pages\/1644\/revisions\/1701"}],"up":[{"embeddable":true,"href":"http:\/\/www.wuelmersencon.de\/index.php?rest_route=\/wp\/v2\/pages\/1610"}],"wp:attachment":[{"href":"http:\/\/www.wuelmersencon.de\/index.php?rest_route=%2Fwp%2Fv2%2Fmedia&parent=1644"}],"curies":[{"name":"wp","href":"https:\/\/api.w.org\/{rel}","templated":true}]}}