{"id":1678,"date":"2018-06-02T14:13:11","date_gmt":"2018-06-02T12:13:11","guid":{"rendered":"http:\/\/www.wuelmersencon.de\/?page_id=1678"},"modified":"2018-06-02T14:13:11","modified_gmt":"2018-06-02T12:13:11","slug":"amena-goettin-der-schoenheit-und-der-kuenste","status":"publish","type":"page","link":"http:\/\/www.wuelmersencon.de\/?page_id=1678","title":{"rendered":"Amena &#8211; G\u00f6ttin der Sch\u00f6nheit und der K\u00fcnste"},"content":{"rendered":"<table>\n<tbody>\n<tr>\n<td width=\"115\">\n<h5>Aspekte<\/h5>\n<\/td>\n<td width=\"499\">Sch\u00f6nheit, Anmut, Musik, Tanz Fr\u00fchling<\/td>\n<\/tr>\n<tr>\n<td width=\"115\"><strong>Farbe<\/strong><\/td>\n<td width=\"499\">Altrosa<\/td>\n<\/tr>\n<tr>\n<td width=\"115\"><strong>Eigenschaften<\/strong><\/td>\n<td width=\"499\">Kreativit\u00e4t, Poesie, Musikalit\u00e4t, Liebe<\/td>\n<\/tr>\n<\/tbody>\n<\/table>\n<h3>Herkunft<\/h3>\n<p>Als W\u00fclmersen wuchs und die G\u00f6tter daf\u00fcr Sorge trugen, dass es der Bev\u00f6lkerung immer besser ging erwachte in den Einwohnern und auch in W\u00fclma der Wunsch nach Zerstreuung. Erfreut \u00fcber das bl\u00fchende und wachsende Land begr\u00fc\u00dfte W\u00fclma einen neuen Fr\u00fchling mit einem wirbelnden Tanz \u00fcber Berge und Ebenen. Dazu sang sie ein frohes Lied, das sie erfand w\u00e4hrend sie es sang. Und aus ihrer \u00fcberm\u00e4chtigen Freude wuchs eine wunderbare Blume in den Himmel, die sich \u00f6ffnete und eine neue G\u00f6ttin gebar, Amena, die G\u00f6ttin der Anmut, der Kunst und des Fr\u00fchlings. Amena nahm ihren Sitz an den Ufern der W\u00fclm, wo im Fr\u00fchjahr die \u00fcppigsten Blumen wachsen.<\/p>\n<h3>Glaube<\/h3>\n<p>Amena ist die Schutzpatronin der Barden, Musiker und S\u00e4nger, aber auch der G\u00e4rtner, der Maler und der Liebenden. Sie wird dargestellt mit einer Rose und einer Fl\u00f6te. Ihre heiligen St\u00e4tten sind meist G\u00e4rten oder Lauben in denen Musik und k\u00fcnstlerische Bet\u00e4tigung ge\u00fcbt wird. Dazu geh\u00f6ren auch Theater und Schauspielschulen. Amena wird besonders von jungen M\u00e4dchen und J\u00fcnglingen angerufen, damit der oder die Angebetete ein Werben erh\u00f6rt. Aber auch von K\u00fcnstlern um ein Gelingen ihres Werkes wird Amena angerufen.<\/p>\n<h3>Pers\u00f6nlichkeit<\/h3>\n<p>Amenas vornehmliche Eigenschaften sind unersch\u00f6pfliche Kreativit\u00e4t und spr\u00fchende Begeisterung. Sie liebt es, K\u00fcnstlern mit ihrem Hauch Ideen f\u00fcr wunderbare Werke zu geben und ihre Werkzeuge, z.B. Pinsel und Farben, Instrumente oder anderes mit ihrer Kraft zu segnen.<\/p>\n<p>Sie neigt allerdings dazu, sich selbst in ihrem Licht zu sonnen und Kritik an ihren Werken gelegentlich mit kleinen Unbillen zu r\u00e4chen.<\/p>\n","protected":false},"excerpt":{"rendered":"<p>Aspekte Sch\u00f6nheit, Anmut, Musik, Tanz Fr\u00fchling Farbe Altrosa Eigenschaften Kreativit\u00e4t, Poesie, Musikalit\u00e4t, Liebe Herkunft Als W\u00fclmersen wuchs und die G\u00f6tter daf\u00fcr Sorge trugen, dass es der Bev\u00f6lkerung immer besser ging erwachte in den Einwohnern und auch in W\u00fclma der Wunsch &hellip; <a href=\"http:\/\/www.wuelmersencon.de\/?page_id=1678\">Weiterlesen <span class=\"meta-nav\">&rarr;<\/span><\/a><\/p>\n","protected":false},"author":2,"featured_media":0,"parent":1610,"menu_order":0,"comment_status":"closed","ping_status":"closed","template":"","meta":{"ngg_post_thumbnail":0},"_links":{"self":[{"href":"http:\/\/www.wuelmersencon.de\/index.php?rest_route=\/wp\/v2\/pages\/1678"}],"collection":[{"href":"http:\/\/www.wuelmersencon.de\/index.php?rest_route=\/wp\/v2\/pages"}],"about":[{"href":"http:\/\/www.wuelmersencon.de\/index.php?rest_route=\/wp\/v2\/types\/page"}],"author":[{"embeddable":true,"href":"http:\/\/www.wuelmersencon.de\/index.php?rest_route=\/wp\/v2\/users\/2"}],"replies":[{"embeddable":true,"href":"http:\/\/www.wuelmersencon.de\/index.php?rest_route=%2Fwp%2Fv2%2Fcomments&post=1678"}],"version-history":[{"count":2,"href":"http:\/\/www.wuelmersencon.de\/index.php?rest_route=\/wp\/v2\/pages\/1678\/revisions"}],"predecessor-version":[{"id":1680,"href":"http:\/\/www.wuelmersencon.de\/index.php?rest_route=\/wp\/v2\/pages\/1678\/revisions\/1680"}],"up":[{"embeddable":true,"href":"http:\/\/www.wuelmersencon.de\/index.php?rest_route=\/wp\/v2\/pages\/1610"}],"wp:attachment":[{"href":"http:\/\/www.wuelmersencon.de\/index.php?rest_route=%2Fwp%2Fv2%2Fmedia&parent=1678"}],"curies":[{"name":"wp","href":"https:\/\/api.w.org\/{rel}","templated":true}]}}