{"id":1685,"date":"2018-06-02T14:18:34","date_gmt":"2018-06-02T12:18:34","guid":{"rendered":"http:\/\/www.wuelmersencon.de\/?page_id=1685"},"modified":"2018-06-02T14:18:34","modified_gmt":"2018-06-02T12:18:34","slug":"kauthar-gott-des-feuers","status":"publish","type":"page","link":"http:\/\/www.wuelmersencon.de\/?page_id=1685","title":{"rendered":"Kauthar &#8211; Gott des Feuers"},"content":{"rendered":"<table>\n<tbody>\n<tr>\n<td width=\"115\">\n<h6>Aspekte<\/h6>\n<\/td>\n<td width=\"499\">Feuer, Metall, Erde Tag, Sommersonnenwende<\/td>\n<\/tr>\n<tr>\n<td width=\"115\"><strong>Farbe<\/strong><\/td>\n<td width=\"499\">Goldbraun<\/td>\n<\/tr>\n<tr>\n<td width=\"115\"><strong>Eigenschaften<\/strong><\/td>\n<td width=\"499\">Handwerkskunst, Sorgfalt, H\u00e4uslichkeit, Territorial<\/td>\n<\/tr>\n<\/tbody>\n<\/table>\n<h3>Herkunft<\/h3>\n<p>Als die Wesen ihres Landes begannen in Gruppen zusammenzuleben und sich niederzulassen z\u00e4hmten sie auch das Feuer und nutzten seine Kraft. Doch das Feuer war sehr stark und verzehrte oft diejenigen, die es benutzten. Das Feuer war auch wild und kannte weder Freund noch Feind. W\u00fclma dauerten die vielen verbrannten H\u00e4nde, die in der Lage gewesen w\u00e4ren, viel Gutes und N\u00fctzliches hervorzubringen, und so beschloss sie, dass \u00fcber das Feuer gewacht werden m\u00fcsse. Zum einen, damit es zu b\u00e4ndigen sei und zum Nutzen eingesetzt werden k\u00f6nne, zum anderen aber auch, damit es nicht missbraucht w\u00fcrde zum Schaden anderer. So nahm W\u00fclma all ihre Kraft zusammen und aus dem Feuer ihrer Heimstatt entstieg Kauthar, Hirte der Flammen.<\/p>\n<h3>Glaube<\/h3>\n<p>Kauthar ist der H\u00fcter aller Feuer, sowohl der Herdfeuer sowie der Arbeitsfeuer. Als Schutzpatron haben sich aber besonders die Handwerker erw\u00e4hlt, zun\u00e4chst die Schmiede, K\u00f6hler und B\u00e4cker, sp\u00e4ter aber auch alle anderen Handwerksberufe, wie zum Beispiel Holzf\u00e4ller, Dengler, B\u00f6ttcher, Wagenmacher. Mittlerweile beten auch Soldaten und andere K\u00e4mpfer zu Kauthar, weil er ihnen \u00fcber die Arbeit der Waffenschmiede zu gut gearbeiteten Waffen verhilft. Die Herdfeuer werden, obschon von ihm bewacht, auch mit W\u00fclma assoziiert.<\/p>\n<h3>Pers\u00f6nlichkeit<\/h3>\n<p>Kauthar ist der Hirte des Feuers und versteht sich selbst als leitende Hand, die zu Vorsicht mahnt, aber auch zu hervorragender Arbeit inspiriert. Er liebt gute Handwerksarbeit, genau gearbeitete Werkst\u00fccke und erfinderische Verarbeitung von Werkstoffen. Er ist immer bereit neue Techniken zu versuchen und Erfindungen zu testen.<\/p>\n<p>Dabei ist Kauthar ein friedlicher und das Zuhause liebender Gott. Er verl\u00e4sst seine Schmiede, die auch sein Heim ist, \u00e4u\u00dferst selten und auch dann nur sehr ungern. Seine Verbindung mit dem Herdfeuer ist sehr stark und er kann es kaum ertragen dieses alleine zu lassen. Dass er in den vergangenen Zeitaltern auch von Soldaten und anderen K\u00e4mpfern verehrt wird gr\u00e4mt ihn, denn ein kriegerischer Einsatz des Feuers ist nach seiner Auffassung gegen dessen Natur.<\/p>\n<p>In Kauthars H\u00f6hle ist es sehr warm und auch er selbst brennt in seiner Begeisterung f\u00fcr gutes Handwerk und seiner Liebe zu einem warmen und sicheren Heim. Er ist sehr territorial und wird Drohungen oder Keckheiten in seinem Heim nicht dulden. Geht man freundlich und respektvoll mit ihm um so ist er ein warmherziger und gro\u00dfz\u00fcgiger Gastgeber.<\/p>\n<p>Er neigt jedoch dazu, Wesen, die gutes Handwerk in seinen Augen nicht genug achten oder nur dessen Nutzen aber nicht die Kunstfertigkeit sehen schlechte oder fehlerhafte Gegenst\u00e4nde auszuh\u00e4ndigen.<\/p>\n<p>&nbsp;<\/p>\n","protected":false},"excerpt":{"rendered":"<p>Aspekte Feuer, Metall, Erde Tag, Sommersonnenwende Farbe Goldbraun Eigenschaften Handwerkskunst, Sorgfalt, H\u00e4uslichkeit, Territorial Herkunft Als die Wesen ihres Landes begannen in Gruppen zusammenzuleben und sich niederzulassen z\u00e4hmten sie auch das Feuer und nutzten seine Kraft. Doch das Feuer war sehr &hellip; <a href=\"http:\/\/www.wuelmersencon.de\/?page_id=1685\">Weiterlesen <span class=\"meta-nav\">&rarr;<\/span><\/a><\/p>\n","protected":false},"author":2,"featured_media":0,"parent":1610,"menu_order":0,"comment_status":"closed","ping_status":"closed","template":"","meta":{"ngg_post_thumbnail":0},"_links":{"self":[{"href":"http:\/\/www.wuelmersencon.de\/index.php?rest_route=\/wp\/v2\/pages\/1685"}],"collection":[{"href":"http:\/\/www.wuelmersencon.de\/index.php?rest_route=\/wp\/v2\/pages"}],"about":[{"href":"http:\/\/www.wuelmersencon.de\/index.php?rest_route=\/wp\/v2\/types\/page"}],"author":[{"embeddable":true,"href":"http:\/\/www.wuelmersencon.de\/index.php?rest_route=\/wp\/v2\/users\/2"}],"replies":[{"embeddable":true,"href":"http:\/\/www.wuelmersencon.de\/index.php?rest_route=%2Fwp%2Fv2%2Fcomments&post=1685"}],"version-history":[{"count":3,"href":"http:\/\/www.wuelmersencon.de\/index.php?rest_route=\/wp\/v2\/pages\/1685\/revisions"}],"predecessor-version":[{"id":1688,"href":"http:\/\/www.wuelmersencon.de\/index.php?rest_route=\/wp\/v2\/pages\/1685\/revisions\/1688"}],"up":[{"embeddable":true,"href":"http:\/\/www.wuelmersencon.de\/index.php?rest_route=\/wp\/v2\/pages\/1610"}],"wp:attachment":[{"href":"http:\/\/www.wuelmersencon.de\/index.php?rest_route=%2Fwp%2Fv2%2Fmedia&parent=1685"}],"curies":[{"name":"wp","href":"https:\/\/api.w.org\/{rel}","templated":true}]}}