{"id":1694,"date":"2018-06-02T14:39:24","date_gmt":"2018-06-02T12:39:24","guid":{"rendered":"http:\/\/www.wuelmersencon.de\/?page_id=1694"},"modified":"2018-06-02T14:39:24","modified_gmt":"2018-06-02T12:39:24","slug":"die-academia-wuelmatica","status":"publish","type":"page","link":"http:\/\/www.wuelmersencon.de\/?page_id=1694","title":{"rendered":"Die Academia W\u00fclmatica"},"content":{"rendered":"<h2>Die Academia W\u00fclmatica<\/h2>\n<p>Die Academia W\u00fclmatica liegt im Herzen des Lands W\u00fclmersen. Die Akademie aber ist Herrscher \u00fcber ihr eigenes Land. Dazu geh\u00f6ren einige kleine D\u00f6rfer, deren Landwirtschaft auch die Akademie ern\u00e4hrt. Im Gegenzug dazu bringt die Akademie allerlei Volk in die Gegend, das, in den Ortschaften einquartiert, zus\u00e4tzlich Gold in die Region bringt. Au\u00dferdem stehen die Studenten in Erntezeiten zu Arbeitseins\u00e4tzen zu Verf\u00fcgung.<\/p>\n<p>Urspr\u00fcnglich als reine Magierschule gegr\u00fcndet ist die Academia W\u00fclmatica heute eine Lehreinrichtung f\u00fcr verschiedenste K\u00fcnste. Neben den f\u00fcnf magischen Fakult\u00e4ten gibt es die Goldschmiedewerkstatt, die im ganzen Land f\u00fcr ihre filigranen, prachtvollen Arbeiten bekannt ist. Zauberer und Magier kommen von weit her, um einen, in der hiesigen Schreinerei hergestellten Zauber- oder Magierst\u00e4be zu erwerben und f\u00fcr viele Heiler gibt es hier die beste Auswahl an Kr\u00e4utern im ganzen Land. Weithin bekannt ist auch die Bibliothek der Akademie. Seltene Werke werden hier noch bewahrt und im Laufe der Jahre wurden viele alte Schriften aus allen Herren L\u00e4ndern gesammelt und archiviert.<\/p>\n<p>Nachdem die Academia vor zw\u00f6lf Jahren von magiehungrigen Shankarerinnen heimgesucht und ausgraubt worden ist und zwei Jahre sp\u00e4ter die Magielinien neu gekn\u00fcpft wurde, ist man nun dabei, die Magiezweige wieder aufzubauen und der Academia W\u00fclmatica unter der neuen Pontifica Aena wieder zu alter Gr\u00f6\u00dfe zu verhelfen.<\/p>\n<h2>Die Wissenszweige<\/h2>\n<p>Der Magiezweig der Akademie umfasst f\u00fcnf Fachrichtungen ( eigentlich sechs, z\u00e4hlt man die schwarze Fakult\u00e4t hinzu) die gleichberechtigt nebeneinander stehen.<\/p>\n<p>Dem Zweig der Heilung, der sich vorrangig mit der Heilung von Krankheiten und Wunden befasst, aber auch mit der Heilung des Geistes, ist ein Hospital angeschlossen, in dem magisch unbegabte Personen die K\u00fcnste der Behandlung von Kranken erlernen k\u00f6nnen.<\/p>\n<p>Der Zweig der Beherrschung ist erst seit Kurzem eine anerkannte Fachrichtung. Die Studenten werden, bis sie den Grad des Adepten erreicht haben, in ihren F\u00e4higkeiten geblockt, um zu verhindern, dass sie innerhalb der Akademie unverantwortlich mit ihrer Macht \u00fcber andere umgehen.<\/p>\n<p>Der Zweig der Beschw\u00f6rung ist wohl die arbeitsreichste Fachrichtung der Akademie. Seine Studenten werden von den anderen oft als heillose Streber bezeichnet. Die Vorbereitung der Rituale kostet jedoch viel Zeit, insbesondere das Auswendiglernen der Beschw\u00f6rungsformeln.<\/p>\n<p>Der Zweig der Illusion zieht haupts\u00e4chlich Studenten mit unb\u00e4ndiger Kreativit\u00e4t an. Diese Fachrichtung hat mittlerweile neben der der Heilung die h\u00f6chste Professionalit\u00e4t erlangt und ist eines der Standbeine der Akademie.<\/p>\n<p>Der Zweig der Elemente ist eine klassische Fachrichtung, der fast alle F\u00e4higkeiten der materiellen Zauberei zugeordnet werden. Hier finden Hexen und Hexer Aufnahme und viele, die sonst als Wald und Wiesenzauberer bezeichnet werden.<\/p>\n<p>Die Schwarze Fakult\u00e4t ist eigentlich keine magische Fachrichtung. Sie agiert meist im Verborgenen. Ihre Mitglieder sp\u00fcren \u00fcble oder misslungene Magie auf und neutralisieren sie.<\/p>\n<h2>Die Handwerker<\/h2>\n<p>Die Handwerksbetriebe unterscheiden sich gravierend von denen in anderen St\u00e4dten. Die Gold- und Silberschmiede ist spezialisiert auf kleine, filigrane Schmuckst\u00fccke, vornehmlich Ringe, die als Focus oder Artefakt verwendet werden. Dabei ist es oft notwendig oder gew\u00fcnscht, dem Zauber entsprechende Runen, Bilder oder andere Zeichen einzuarbeiten. Auch mit den verschiedensten Edelsteinen ist man hier vertraut, da solche als Spruchfoki gern benutzt werden. Und letztlich ist man hier nicht nur gewohnt mit edlen Metallen und Steine zu arbeiten. Manche Zauber erfordern banale Materialien, wie Kieselsteine oder Eisen, um zu wirken.<\/p>\n<p>Spezialit\u00e4t der Schreinerei ist zum einen die Herstellung von opulenten M\u00f6belst\u00fccken f\u00fcr die Magi, als zum anderen von Zauber- und Magierst\u00e4ben. Hier ist man Meister im Umgang mit den, wie man sagt, magischen Holzarten, wie Eberesche oder Holunder. Kunstvolle Schnitzereien und Einlegearbeiten werden hier in Auftrag gegeben.<\/p>\n<p>Der Kr\u00e4utergarten ist nicht, wie in den meisten F\u00e4llen, eine Ecke hinter den H\u00e4usern, wo mehr schlecht ein paar k\u00fcmmrige Pfl\u00e4nzchen wachsen. Der Kr\u00e4utergarten der Academia W\u00fclmatica gleicht eher einer G\u00e4rtnerei, in der heimische, aber auch seltene Pflanzen gezogen, getrocknet und verarbeitet werden. Einige der besten Kr\u00e4utertees des Landes werden hier hergestellt und an Heilpflanzen findet man hier eine gro\u00dfe Vielfalt.<\/p>\n<h2>Die arkanen Ebenen<\/h2>\n<p>Es gibt sieben arkane Ebenen, die dem Reiche W\u00fclmersen zugeh\u00f6rig sind. Es sind:<\/p>\n<ul>\n<li>Die Ebene der Elemente<\/li>\n<li>Die Ebene des Geistes (Beherrschung)<\/li>\n<li>Die Ebene des K\u00f6rpers (Heilung)<\/li>\n<li>Die Ebene der Illusionen<\/li>\n<li>Die Ebene von Raum und Zeit<\/li>\n<li>Die Ebene der D\u00e4monen (Beschw\u00f6rung)<\/li>\n<li>Die Wunderbare Ebene Viyloi<\/li>\n<\/ul>\n<p>Diese Ebenen \u00fcberlagern einander, sodass die ersten f\u00fcnf Ebenen unsere sicht- und wahrnehmbare Welt bilden. Die Ebenen der D\u00e4monen entzieht sich unserer Wahrnehmung liegt jedoch in der gleichen Zeit und dem gleichen Raum wie unsere. Sie existiert quasi neben unserer Welt. Viyloi soll nun die Verschmelzung und gleichzeitige und r\u00e4umliche Wahrnehmung aller Welten bedeuten und tiefe Einblicke in das Gef\u00fcge der Welt bieten.<\/p>\n<p>Die einzelnen Ebenen k\u00f6nnen durch Trance und \/oder Konzentration erreicht werden. Dann ist es m\u00f6glich den Geist oder den K\u00f6rper, oder das Element zu manipulieren, oder die Wirklichkeit. Die Gefahren von Raum und Zeit sind noch so unkontrollierbar, dass man sich darauf beschr\u00e4nkt sie zu erforschen, nicht aber mit ihnen zu zaubern.<\/p>\n<p>Die ersten sechs Ebenen werden von den Magi besucht und erforscht, wenn auch die Ebene von Raum und Zeit mit sehr gro\u00dfer Vorsicht behandelt wird. Sie st\u00fctzt die Grundfesten des Weltgef\u00fcges und sie zu verstehen erfordert viel Einsicht und Geduld.<\/p>\n<p>Die Siebente Ebene, auch \u201eWunderbare Ebene&#8220; oder \u201eViyloi&#8220; (was \u201eErkenntnis&#8220; in der Alten Sprache bedeutet) genannt, ist g\u00e4nzlich unbekannt. Sie wird zwar in vielen arkanen Schriften erw\u00e4hnt als Ebene, in der alles m\u00f6glich ist, es gibt aber keine weitergehenden Beschreibungen. Es gibt eigentlich keinen Magiekundigen, der noch nicht von Viyloi geh\u00f6rt hat. Alle streben danach, sie zu erreichen. Es hei\u00dft, Viyloi sei die Ebene, die alle anderen Ebenen miteinander verkn\u00fcpft.<\/p>\n","protected":false},"excerpt":{"rendered":"<p>Die Academia W\u00fclmatica Die Academia W\u00fclmatica liegt im Herzen des Lands W\u00fclmersen. Die Akademie aber ist Herrscher \u00fcber ihr eigenes Land. Dazu geh\u00f6ren einige kleine D\u00f6rfer, deren Landwirtschaft auch die Akademie ern\u00e4hrt. Im Gegenzug dazu bringt die Akademie allerlei Volk &hellip; <a href=\"http:\/\/www.wuelmersencon.de\/?page_id=1694\">Weiterlesen <span class=\"meta-nav\">&rarr;<\/span><\/a><\/p>\n","protected":false},"author":2,"featured_media":0,"parent":0,"menu_order":0,"comment_status":"closed","ping_status":"closed","template":"","meta":{"ngg_post_thumbnail":0},"_links":{"self":[{"href":"http:\/\/www.wuelmersencon.de\/index.php?rest_route=\/wp\/v2\/pages\/1694"}],"collection":[{"href":"http:\/\/www.wuelmersencon.de\/index.php?rest_route=\/wp\/v2\/pages"}],"about":[{"href":"http:\/\/www.wuelmersencon.de\/index.php?rest_route=\/wp\/v2\/types\/page"}],"author":[{"embeddable":true,"href":"http:\/\/www.wuelmersencon.de\/index.php?rest_route=\/wp\/v2\/users\/2"}],"replies":[{"embeddable":true,"href":"http:\/\/www.wuelmersencon.de\/index.php?rest_route=%2Fwp%2Fv2%2Fcomments&post=1694"}],"version-history":[{"count":1,"href":"http:\/\/www.wuelmersencon.de\/index.php?rest_route=\/wp\/v2\/pages\/1694\/revisions"}],"predecessor-version":[{"id":1695,"href":"http:\/\/www.wuelmersencon.de\/index.php?rest_route=\/wp\/v2\/pages\/1694\/revisions\/1695"}],"wp:attachment":[{"href":"http:\/\/www.wuelmersencon.de\/index.php?rest_route=%2Fwp%2Fv2%2Fmedia&parent=1694"}],"curies":[{"name":"wp","href":"https:\/\/api.w.org\/{rel}","templated":true}]}}