{"id":46,"date":"2013-04-14T22:20:50","date_gmt":"2013-04-14T20:20:50","guid":{"rendered":"http:\/\/www.wuelmersencon.de\/wuelmpress\/?page_id=46"},"modified":"2016-04-25T17:07:56","modified_gmt":"2016-04-25T15:07:56","slug":"infos","status":"publish","type":"page","link":"https:\/\/www.wuelmersencon.de\/?page_id=46","title":{"rendered":"Infos"},"content":{"rendered":"<h1>W\u00fclmersen, was ist das?<\/h1>\n<p>Zun\u00e4chst einmal die Ruine eines 900 Jahre alten Wasserschlosses, das im Laufe seiner Geschichte so oft zerst\u00f6rt und wieder aufgebaut wurde, dass vom Wasserschloss nicht mehr viel zu sehen ist.<\/p>\n<p>Es wurde ein Landgut, aber dann verfiel die Ruine immer mehr, schlie\u00dflich nahm sich der Aus- und Fortbildungsverbund des Landkreises Kassel (AUF) ihrer an. Zum Teil durch Jugendliche, die dabei Fertigkeiten aller Art erlernten, und zum Teil durch spezialisierte Firmen wurde das Schloss weitgehend wieder aufgebaut.<\/p>\n<p>Dies hat sich seit 1990 als Kulisse f\u00fcr Brett- und Rollenspiele aller Art bew\u00e4hrt. Das ist das &#8222;andere&#8220; W\u00fclmersen; die Spieletreffs, die wir organisieren. Wir hoffen, dass sich auch dieses Mal wieder an die hundert Spieler in den alten Mauern wohlf\u00fchlen werden.<\/p>\n<h1>Und wo liegt W\u00fclmersen?<\/h1>\n<p>Ca. 40 km n\u00f6rdlich von Kassel, zwischen Trendelburg und Bad Karlshafen. Mit der Anmeldebest\u00e4tigung bekommt ihr eine Wegbeschreibung, nach der man es durchaus finden kann.<\/p>\n<h1>Nachtlager<\/h1>\n<p>Man kann in den R\u00e4umen der Burg \u00fcbernachten oder auf einer Wiese daneben zelten. Auch f\u00fcr Wohnmobile ist Platz vorhanden. Wir haben etwa 25 Betten zu vergeben. (Achtung, es ist kein Bettzeug vorhanden, ihr ben\u00f6tigt also einen Schlafsack o. \u00e4.), und etwa 10 Schlafpl\u00e4tze im Haus, f\u00fcr die ihr Unterlagen (Luftmatratze, Feldbett, Isomatte, etc.) selbst mitbringen m\u00fcsst. Alle Schlafpl\u00e4tze und Betten liegen im ersten Stock. Auf dem Zeltplatz ist genug Platz, auch f\u00fcr gro\u00dfe Zelte oder Jurten. Es gibt jeweils f\u00fcr Damen und f\u00fcr Herren einen gro\u00dfen Wasch- und Duschraum, sowie ausreichend Toiletten und auch M\u00f6glichkeiten zum Abwaschen.<br \/>\nBitte gebt in der Anmeldung unbedingt an, ob ihr im Haus schlafen oder Zelten werdet und ob ihr ein Bett ben\u00f6tigt. Bei der Vergabe der Betten z\u00e4hlt der Eingang des Conbeitrages.<br \/>\nWer m\u00f6chte kann auch in Pensionen in der Umgebung unterkommen oder in nahe gelegenen Ferienwohnungen, die Adressen geben wir Euch auf Anfrage.<\/p>\n<h1>Verpflegung<\/h1>\n<p>Cola, Fanta, Wasser, Saft und Malzbier verkaufen wir zum Selbstkostenpreis. Wir schenken keinen Alkohol aus. Wer welchen trinken m\u00f6chte, kann sich selbst versorgen, m\u00f6ge aber von gro\u00dfen Gelagen absehen.<\/p>\n<p>Im Conbeitrag inbegriffen sind Fr\u00fchst\u00fcck und das Abendessen am Samstag. In der Umgebung gibt es einige Einkaufsm\u00f6glichkeiten, die aber alle nur mit dem Auto erreichbar sind.<\/p>\n<h1>\nMarschgep\u00e4ck:<\/h1>\n<ul>\n<li>Schlafsack, (ggf. Luftmatratze oder Isomatte)<\/li>\n<li>\u00a0ggf. Zelt<\/li>\n<li>Essbesteck, Geschirr und Trinkgef\u00e4\u00df<\/li>\n<li>viele Spiele (Rollenspiele, Brettspiele und Gesellschaftsspiele)<\/li>\n<li>massenhaft gute Laune<\/li>\n<li>fantastische Gew\u00e4nder und Ausr\u00fcstung sind sehr erw\u00fcnscht! (Die k\u00f6nnen auch improvisiert sein, la\u00dft eure Phantasie spielen.)<\/li>\n<\/ul>\n<h1>Spielregeln<\/h1>\n<ul>\n<li>Das Befahren des Burghofes mit dem Auto oder Motorrad ist nicht gestattet.<\/li>\n<li>\u00a0 Rauchen und offene Feuer sind in allen Geb\u00e4uden verboten (Brandgefahr!)<\/li>\n<li>Bitte keine Bes\u00e4ufnisse<\/li>\n<li>Metallwaffen sind nicht erlaubt, wir behalten uns vor, diese vor\u00fcbergehend<br \/>\nsicherzustellen.<\/li>\n<li>Mit Polsterwaffen lasst bitte die notwendige Vorsicht walten und haltet Abstand.<\/li>\n<\/ul>\n<p>&nbsp;<\/p>\n<h1>Programm<\/h1>\n<ul>\n<li>Jede Menge Spielrunden in Eigenregie und au\u00dferdem als &#8222;H\u00f6hepunkte&#8220;:<\/li>\n<li>Freitag:\n<ul>\n<li>ab 16.00 Uhr Anreise<\/li>\n<li>ca. 21.00 Uhr Begr\u00fc\u00dfung<\/li>\n<\/ul>\n<\/li>\n<li>Samstag\n<ul>\n<li>von 09.00 bis 11.00 Uhr Fr\u00fchst\u00fcck<\/li>\n<li>ca. 13.00 Uhr Beginn des Liverollenspiels<\/li>\n<li>ab 18.00 Uhr Abendessen<\/li>\n<li>ca. 21:30 Uhr Aufl\u00f6sung des Liverollenspiels<\/li>\n<\/ul>\n<\/li>\n<li>Sonntag\n<ul>\n<li>von 09.30 bis 11.30 Uhr Fr\u00fchst\u00fcck<\/li>\n<li>danach gemeinsames Aufr\u00e4umen der Burg<\/li>\n<li>bis 16.00 Uhr Abreise<\/li>\n<\/ul>\n<\/li>\n<\/ul>\n<p>&nbsp;<\/p>\n<h1>Und was wird hier gespielt?<\/h1>\n<p>Im Prinzip alles an Spielen &#8211; sei es nun Brett-, Rollen-, Karten- oder Gesellschaftspiel &#8211; wird mitgebracht und mal mit neuen Leuten ausprobiert. Der H\u00f6hepunkt ist das Live-Rollenspiel am Samstag, aber dazwischen wird gerne dem Spiel-Trieb in all seinen Formen gefr\u00f6nt.<\/p>\n<p>Das Thema des Liverollenspiels \u00e4ndert sich von Jahr zu Jahr, aber gewisse Regel und Prozeduren bleiben immer g\u00fcltig!<\/p>\n<h1>Das Live-Spiel am Samstag<\/h1>\n<p>Beim Liverollenspiel geht es darum, einen Nachmittag und Abend lang in eine andere Rolle zu schl\u00fcpfen und ein Abenteuer zu erleben. In jedem Jahr gibt es eine neue Geschichte in und um das Land W\u00fclmersen die es zu erforschen gilt. Es sind keine Vorkenntnisse erforderlich, um im Spiel zurechtzukommen. Am besten man l\u00e4sst sich auf die Geschichte und das Umfeld der Handlung neugierig ein.<\/p>\n<p>Im Vordergrund steht der Spa\u00df am Spiel, am Entdecken einer neuen Welt und am Darstellen des Charakters. Zu Beginn ist fast jeder zun\u00e4chst verwirrt bei den vielen neuen Namen, Orten und Verbindungen, aber unsere Erfahrung zeigt, dass sich nach wenigen Stunden alle in der neuen Welt zurechtfinden und sich die Handlung vor ihnen ausbreitet.<\/p>\n<h1>Schauplatz<\/h1>\n<p>Wir spielen in einem Fantasy-Umfeld, dem Land W\u00fclmersen, das von K\u00f6nig Thomas regiert wird. Er hat seinen Stammsitz in der Stadt W\u00fclmersen. Dort befindet sich auch die Universit\u00e4t f\u00fcr Zauberei, die Academia W\u00fclmatica. In dem kleinen D\u00f6rfchen Ersen an der W\u00fclm gibt es ein Feenk\u00f6nigreich und in ganz W\u00fclmersen wird die G\u00f6ttin W\u00fclma verehrt. Durch das Land flie\u00dft die W\u00fclm ins Meer, das Mare W\u00fclmaticum, an das auch noch andere L\u00e4nder, n\u00e4mlich Puritanien, Zhankreich und Ennem angrenzen.<\/p>\n<h1>Anmeldung zu Liverollenspiel<\/h1>\n<p>Anmeldeb\u00f6gen f\u00fcr das Spiel gibt es ab Freitagnachmittag bis Samstagvormittag an der Anmeldung. Auf diesen Gruppenb\u00f6gen wird der Charaktername, der Realname und die Volkszugeh\u00f6rigkeit (Elf, Mensch, Echse, Ork etc.) vermerkt. Zu Beginn werden alle Gruppen aufgerufen, bekommen einen Buchstaben und werden geknipst.<\/p>\n<h1>Gruppen<\/h1>\n<p>Viele von Euch kommen ja schon als Gruppe und haben manchmal sogar einen tollen, eigenen Hintergrund. Aber man kann sich auch wenn man allein oder zu zweit kommt erst zum Spiel eine Gruppe suchen oder mit anderen ein Gruppe bilden, wir helfen gern dabei. Eine Gruppe sollte aus 3 bis 7 Spielern bestehen. Diese werden dann auf den an der Anmeldung erh\u00e4ltlichen Gruppenbogen eingetragen. Bitte schreibt leserlich, auch wenn ihr Barbaren aus Ichhaudichum seid. Den Gruppenbogen gebt bitte bis 12.00h an der Anmeldung oder in der K\u00fcche ab.<\/p>\n<h1>Gewandung<\/h1>\n<p>Gewandung f\u00fcr das Liverollenspiel ist sehr erw\u00fcnscht und wir freuen uns \u00fcber jeden und jede der\/die damit zum stimmungsvollen Ambiente beitr\u00e4gt. Dabei sind uns auch Einsteigergewandungen und Improvisationen willkommen, wenn man (noch) nicht \u00fcber einen eigenen Gewandungsfundus verf\u00fcgt. Wir bitten dann jedoch um schlichte Kleidung ohne grelle und\/oder moderne Aufdrucke.<\/p>\n<h1>Regeln<\/h1>\n<p>Bei uns gibt es kein standardisiertes Regelsystem, das die gespielten Charaktere beschreibt. Die F\u00e4higkeiten der Charaktere richten sich nach der Fantasie der Spieler. Wer eine unbesiegbare Kriegerin spielen will oder den Gottkaiser von Ummeeckerum wird, wenn sie oder er sich entsprechend verh\u00e4lt auch als solche\/r behandelt.<br \/>\nDieses System wird als DKWDDK (Du kannst, was Du darstellen kannst) bezeichnet.<\/p>\n<h2>K\u00e4mpfe<\/h2>\n<p>Sind kein Mu\u00df, aber wer Spa\u00df daran hat w\u00e4hrend des Spieles auch mit Polsterwaffen zu streiten kann dies gerne. Verschiedentlich gibt es Posten, bei denen K\u00e4mpfe ausgetragen werden, dann aber auch nur dort bzw. nur mit Mitspielern, die auch durch ein Waffenb\u00e4ndchen zeigen, das sie k\u00e4mpfen m\u00f6chten und d\u00fcrfen.<br \/>\nEs wird nach einem einfachen Kampfsystem mit Polsterwaffen gek\u00e4mpft; schnell zu lernen und ohne viel Verwaltung. Wir legen aber weiterhin viel Wert auf sch\u00f6nes Rollenspiel, auch mit der Waffe in der Hand.<br \/>\nDie &#8218;Waffen und Ihre Tr\u00e4ger m\u00fc\u00dfen vor Spielbeginn durch den Waffencheck. Wer privat, au\u00dferhalb des Spieles ein bisschen \u00fcben will, dem ist das nat\u00fcrlich erlaubt. Hierbei gilt aber: auf eigene Gefahr.<\/p>\n<h2>Magie<\/h2>\n<p>Es gibt kein explizites Magiesystem bei uns. F\u00fcr Magier, die gern in K\u00e4mpfe eingreifen m\u00f6chten, ob als Heiler oder Kampfzauberer, wird es einfache Regeln geben. Ansonsten gilt: wenn die magische Aktion (hellsehen, unsichtbar machen, Runen werfen, etc.) gut zu Situation und Charakter passt und sch\u00f6n dargestellt wird, dann wird sie vermutlich funktionieren. Gute Ideen und engagiertes Rollenspiel werden immer und gern belohnt.<\/p>\n","protected":false},"excerpt":{"rendered":"<p>W\u00fclmersen, was ist das? Zun\u00e4chst einmal die Ruine eines 900 Jahre alten Wasserschlosses, das im Laufe seiner Geschichte so oft zerst\u00f6rt und wieder aufgebaut wurde, dass vom Wasserschloss nicht mehr viel zu sehen ist. Es wurde ein Landgut, aber dann &hellip; <a href=\"https:\/\/www.wuelmersencon.de\/?page_id=46\">Weiterlesen <span class=\"meta-nav\">&rarr;<\/span><\/a><\/p>\n","protected":false},"author":1,"featured_media":0,"parent":0,"menu_order":0,"comment_status":"open","ping_status":"open","template":"","meta":{"ngg_post_thumbnail":0},"_links":{"self":[{"href":"https:\/\/www.wuelmersencon.de\/index.php?rest_route=\/wp\/v2\/pages\/46"}],"collection":[{"href":"https:\/\/www.wuelmersencon.de\/index.php?rest_route=\/wp\/v2\/pages"}],"about":[{"href":"https:\/\/www.wuelmersencon.de\/index.php?rest_route=\/wp\/v2\/types\/page"}],"author":[{"embeddable":true,"href":"https:\/\/www.wuelmersencon.de\/index.php?rest_route=\/wp\/v2\/users\/1"}],"replies":[{"embeddable":true,"href":"https:\/\/www.wuelmersencon.de\/index.php?rest_route=%2Fwp%2Fv2%2Fcomments&post=46"}],"version-history":[{"count":9,"href":"https:\/\/www.wuelmersencon.de\/index.php?rest_route=\/wp\/v2\/pages\/46\/revisions"}],"predecessor-version":[{"id":833,"href":"https:\/\/www.wuelmersencon.de\/index.php?rest_route=\/wp\/v2\/pages\/46\/revisions\/833"}],"wp:attachment":[{"href":"https:\/\/www.wuelmersencon.de\/index.php?rest_route=%2Fwp%2Fv2%2Fmedia&parent=46"}],"curies":[{"name":"wp","href":"https:\/\/api.w.org\/{rel}","templated":true}]}}