{"id":8,"date":"2013-04-14T00:05:28","date_gmt":"2013-04-13T22:05:28","guid":{"rendered":"http:\/\/www.wuelmersencon.de\/wuelmpress\/?page_id=8"},"modified":"2021-03-22T14:27:57","modified_gmt":"2021-03-22T12:27:57","slug":"interna","status":"publish","type":"page","link":"https:\/\/www.wuelmersencon.de\/?page_id=8","title":{"rendered":"Interna"},"content":{"rendered":"<p>Hier befindet sich der Zugang zu der Orga-Internen Bereichen.<\/p>\n<p>Hier kommt man nur mit Profilen und Kennw\u00f6rtern weiter, wenn du die brauchst, wei\u00dft du, an wen du dich wenden kannst.<\/p>\n<p>Wenn du nicht wei\u00dft, an wen du dich wenden kannst, dann brauchst du sie auch nicht&#8230; \ud83d\ude09<\/p>\n<ul>\n<li>WordPresseinstieg: <a href=\"http:\/\/www.wuelmersencon.de\/wuelmpress\/wp-admin\/\">Pressestelle<\/a><\/li>\n<\/ul>\n<p>&nbsp;<\/p>\n<p>&nbsp;<\/p>\n","protected":false},"excerpt":{"rendered":"<p>Hier befindet sich der Zugang zu der Orga-Internen Bereichen. Hier kommt man nur mit Profilen und Kennw\u00f6rtern weiter, wenn du die brauchst, wei\u00dft du, an wen du dich wenden kannst. Wenn du nicht wei\u00dft, an wen du dich wenden kannst, &hellip; <a href=\"https:\/\/www.wuelmersencon.de\/?page_id=8\">Weiterlesen <span class=\"meta-nav\">&rarr;<\/span><\/a><\/p>\n","protected":false},"author":1,"featured_media":0,"parent":0,"menu_order":0,"comment_status":"open","ping_status":"open","template":"","meta":{"ngg_post_thumbnail":0},"_links":{"self":[{"href":"https:\/\/www.wuelmersencon.de\/index.php?rest_route=\/wp\/v2\/pages\/8"}],"collection":[{"href":"https:\/\/www.wuelmersencon.de\/index.php?rest_route=\/wp\/v2\/pages"}],"about":[{"href":"https:\/\/www.wuelmersencon.de\/index.php?rest_route=\/wp\/v2\/types\/page"}],"author":[{"embeddable":true,"href":"https:\/\/www.wuelmersencon.de\/index.php?rest_route=\/wp\/v2\/users\/1"}],"replies":[{"embeddable":true,"href":"https:\/\/www.wuelmersencon.de\/index.php?rest_route=%2Fwp%2Fv2%2Fcomments&post=8"}],"version-history":[{"count":6,"href":"https:\/\/www.wuelmersencon.de\/index.php?rest_route=\/wp\/v2\/pages\/8\/revisions"}],"predecessor-version":[{"id":4171,"href":"https:\/\/www.wuelmersencon.de\/index.php?rest_route=\/wp\/v2\/pages\/8\/revisions\/4171"}],"wp:attachment":[{"href":"https:\/\/www.wuelmersencon.de\/index.php?rest_route=%2Fwp%2Fv2%2Fmedia&parent=8"}],"curies":[{"name":"wp","href":"https:\/\/api.w.org\/{rel}","templated":true}]}}